{"id":757,"date":"2022-02-15T11:03:00","date_gmt":"2022-02-15T09:03:00","guid":{"rendered":"https:\/\/gradinitacrescendo.ro\/?page_id=757"},"modified":"2025-11-20T22:51:38","modified_gmt":"2025-11-20T20:51:38","slug":"viziune","status":"publish","type":"page","link":"https:\/\/gradinitacrescendo.ro\/?page_id=757","title":{"rendered":"Viziune"},"content":{"rendered":"\n<p>Urm\u00e2nd o viziune dinamic\u0103, \u0219tiin\u021bific\u0103 \u0219i pragmatic\u0103, Gr\u0103dini\u021ba Crescendo \u00ee\u0219i orienteaz\u0103 activitatea spre urm\u0103toarele domenii esen\u021biale:<\/p>\n\n\n\n<p><strong>Curriculum<\/strong><\/p>\n\n\n\n<ul class=\"wp-block-list\">\n<li>Promovarea \u0219i \u00eensu\u0219irea valorilor cultural-\u0219tiin\u021bifice, asigur\u00e2nd calitatea procesului instructiv-educativ;<\/li>\n\n\n\n<li>Formarea capacit\u0103\u021bilor intelectuale \u0219i dezvoltarea competen\u021belor;<\/li>\n\n\n\n<li>Dezvoltarea armonioas\u0103 a personalit\u0103\u021bii copilului;<\/li>\n\n\n\n<li>Cultivarea unui comportament moral-cre\u0219tin, bazat pe respect \u0219i sprijin reciproc.<\/li>\n<\/ul>\n\n\n\n<p><strong>Resurse material-financiare<\/strong><\/p>\n\n\n\n<ul class=\"wp-block-list\">\n<li>Atragerea finan\u021b\u0103rilor necesare pentru modernizarea \u0219i \u00eembun\u0103t\u0103\u021birea bazei materiale;<\/li>\n\n\n\n<li>Continuarea dot\u0103rii bibliotecii \u0219i \u00eembun\u0103t\u0103\u021birea spa\u021biilor educa\u021bionale.<\/li>\n<\/ul>\n\n\n\n<p><strong>Resurse umane<\/strong><\/p>\n\n\n\n<ul class=\"wp-block-list\">\n<li>Asigurarea cadrelor didactice competente, necesare unui proces educa\u021bional de calitate;<\/li>\n\n\n\n<li>Sus\u021binerea form\u0103rii continue \u0219i perfec\u021bion\u0103rii personalului didactic \u0219i nedidactic;<\/li>\n\n\n\n<li>Crearea unui mediu optim pentru dezvoltarea fiec\u0103rei personalit\u0103\u021bi \u00een parte.<\/li>\n<\/ul>\n\n\n\n<p><strong>Rela\u021bii comunitare<\/strong><\/p>\n\n\n\n<ul class=\"wp-block-list\">\n<li>Colaborarea cu parteneri educa\u021bionali, sociali \u0219i culturali pentru realizarea de proiecte menite s\u0103 \u00eembog\u0103\u021beasc\u0103 experien\u021bele copiilor, s\u0103 stimuleze motiva\u021bia pentru \u00eenv\u0103\u021bare \u0219i s\u0103 consolideze prestigiul institu\u021biei.<\/li>\n<\/ul>\n","protected":false},"excerpt":{"rendered":"<p>Urm\u00e2nd o viziune dinamic\u0103, \u0219tiin\u021bific\u0103 \u0219i pragmatic\u0103, Gr\u0103dini\u021ba Crescendo \u00ee\u0219i orienteaz\u0103 activitatea spre urm\u0103toarele domenii esen\u021biale: Curriculum Resurse material-financiare Resurse umane Rela\u021bii comunitare<\/p>\n","protected":false},"author":4,"featured_media":0,"parent":0,"menu_order":0,"comment_status":"closed","ping_status":"closed","template":"","meta":{"footnotes":""},"class_list":["post-757","page","type-page","status-publish","hentry"],"yoast_head":"<!-- This site is optimized with the Yoast SEO plugin v27.5 - https:\/\/yoast.com\/product\/yoast-seo-wordpress\/ -->\n<title>Viziune | Gradinita Crescendo<\/title>\n<meta name=\"robots\" content=\"index, follow, max-snippet:-1, max-image-preview:large, max-video-preview:-1\" \/>\n<link rel=\"canonical\" href=\"https:\/\/gradinitacrescendo.ro\/?page_id=757\" \/>\n<meta property=\"og:locale\" content=\"ro_RO\" \/>\n<meta property=\"og:type\" content=\"article\" \/>\n<meta property=\"og:title\" content=\"Viziune | Gradinita Crescendo\" \/>\n<meta property=\"og:description\" content=\"Urm\u00e2nd o viziune dinamic\u0103, \u0219tiin\u021bific\u0103 \u0219i pragmatic\u0103, Gr\u0103dini\u021ba Crescendo \u00ee\u0219i orienteaz\u0103 activitatea spre urm\u0103toarele domenii esen\u021biale: Curriculum Resurse material-financiare Resurse umane Rela\u021bii comunitare\" \/>\n<meta property=\"og:url\" content=\"https:\/\/gradinitacrescendo.ro\/?page_id=757\" \/>\n<meta property=\"og:site_name\" content=\"Gradinita Crescendo\" \/>\n<meta property=\"article:modified_time\" content=\"2025-11-20T20:51:38+00:00\" \/>\n<meta name=\"twitter:card\" content=\"summary_large_image\" \/>\n<script type=\"application\/ld+json\" class=\"yoast-schema-graph\">{\"@context\":\"https:\\\/\\\/schema.org\",\"@graph\":[{\"@type\":\"WebPage\",\"@id\":\"https:\\\/\\\/gradinitacrescendo.ro\\\/?page_id=757\",\"url\":\"https:\\\/\\\/gradinitacrescendo.ro\\\/?page_id=757\",\"name\":\"Viziune | Gradinita Crescendo\",\"isPartOf\":{\"@id\":\"https:\\\/\\\/gradinitacrescendo.ro\\\/#website\"},\"datePublished\":\"2022-02-15T09:03:00+00:00\",\"dateModified\":\"2025-11-20T20:51:38+00:00\",\"breadcrumb\":{\"@id\":\"https:\\\/\\\/gradinitacrescendo.ro\\\/?page_id=757#breadcrumb\"},\"inLanguage\":\"ro-RO\",\"potentialAction\":[{\"@type\":\"ReadAction\",\"target\":[\"https:\\\/\\\/gradinitacrescendo.ro\\\/?page_id=757\"]}]},{\"@type\":\"BreadcrumbList\",\"@id\":\"https:\\\/\\\/gradinitacrescendo.ro\\\/?page_id=757#breadcrumb\",\"itemListElement\":[{\"@type\":\"ListItem\",\"position\":1,\"name\":\"Prima pagin\u0103\",\"item\":\"https:\\\/\\\/gradinitacrescendo.ro\\\/\"},{\"@type\":\"ListItem\",\"position\":2,\"name\":\"Viziune\"}]},{\"@type\":\"WebSite\",\"@id\":\"https:\\\/\\\/gradinitacrescendo.ro\\\/#website\",\"url\":\"https:\\\/\\\/gradinitacrescendo.ro\\\/\",\"name\":\"Gradinita Crescendo\",\"description\":\"\u201dPa\u0219i mici, dezvoltare mare\u201d\",\"publisher\":{\"@id\":\"https:\\\/\\\/gradinitacrescendo.ro\\\/#organization\"},\"potentialAction\":[{\"@type\":\"SearchAction\",\"target\":{\"@type\":\"EntryPoint\",\"urlTemplate\":\"https:\\\/\\\/gradinitacrescendo.ro\\\/?s={search_term_string}\"},\"query-input\":{\"@type\":\"PropertyValueSpecification\",\"valueRequired\":true,\"valueName\":\"search_term_string\"}}],\"inLanguage\":\"ro-RO\"},{\"@type\":\"Organization\",\"@id\":\"https:\\\/\\\/gradinitacrescendo.ro\\\/#organization\",\"name\":\"Gradinita Crescendo\",\"url\":\"https:\\\/\\\/gradinitacrescendo.ro\\\/\",\"logo\":{\"@type\":\"ImageObject\",\"inLanguage\":\"ro-RO\",\"@id\":\"https:\\\/\\\/gradinitacrescendo.ro\\\/#\\\/schema\\\/logo\\\/image\\\/\",\"url\":\"https:\\\/\\\/gradinitacrescendo.ro\\\/wp-content\\\/uploads\\\/2025\\\/11\\\/WhatsApp-Image-2025-11-20-at-17.14.50.jpeg\",\"contentUrl\":\"https:\\\/\\\/gradinitacrescendo.ro\\\/wp-content\\\/uploads\\\/2025\\\/11\\\/WhatsApp-Image-2025-11-20-at-17.14.50.jpeg\",\"width\":1429,\"height\":1064,\"caption\":\"Gradinita Crescendo\"},\"image\":{\"@id\":\"https:\\\/\\\/gradinitacrescendo.ro\\\/#\\\/schema\\\/logo\\\/image\\\/\"}}]}<\/script>\n<!-- \/ Yoast SEO plugin. -->","yoast_head_json":{"title":"Viziune | Gradinita Crescendo","robots":{"index":"index","follow":"follow","max-snippet":"max-snippet:-1","max-image-preview":"max-image-preview:large","max-video-preview":"max-video-preview:-1"},"canonical":"https:\/\/gradinitacrescendo.ro\/?page_id=757","og_locale":"ro_RO","og_type":"article","og_title":"Viziune | Gradinita Crescendo","og_description":"Urm\u00e2nd o viziune dinamic\u0103, \u0219tiin\u021bific\u0103 \u0219i pragmatic\u0103, Gr\u0103dini\u021ba Crescendo \u00ee\u0219i orienteaz\u0103 activitatea spre urm\u0103toarele domenii esen\u021biale: Curriculum Resurse material-financiare Resurse umane Rela\u021bii comunitare","og_url":"https:\/\/gradinitacrescendo.ro\/?page_id=757","og_site_name":"Gradinita Crescendo","article_modified_time":"2025-11-20T20:51:38+00:00","twitter_card":"summary_large_image","schema":{"@context":"https:\/\/schema.org","@graph":[{"@type":"WebPage","@id":"https:\/\/gradinitacrescendo.ro\/?page_id=757","url":"https:\/\/gradinitacrescendo.ro\/?page_id=757","name":"Viziune | Gradinita Crescendo","isPartOf":{"@id":"https:\/\/gradinitacrescendo.ro\/#website"},"datePublished":"2022-02-15T09:03:00+00:00","dateModified":"2025-11-20T20:51:38+00:00","breadcrumb":{"@id":"https:\/\/gradinitacrescendo.ro\/?page_id=757#breadcrumb"},"inLanguage":"ro-RO","potentialAction":[{"@type":"ReadAction","target":["https:\/\/gradinitacrescendo.ro\/?page_id=757"]}]},{"@type":"BreadcrumbList","@id":"https:\/\/gradinitacrescendo.ro\/?page_id=757#breadcrumb","itemListElement":[{"@type":"ListItem","position":1,"name":"Prima pagin\u0103","item":"https:\/\/gradinitacrescendo.ro\/"},{"@type":"ListItem","position":2,"name":"Viziune"}]},{"@type":"WebSite","@id":"https:\/\/gradinitacrescendo.ro\/#website","url":"https:\/\/gradinitacrescendo.ro\/","name":"Gradinita Crescendo","description":"\u201dPa\u0219i mici, dezvoltare mare\u201d","publisher":{"@id":"https:\/\/gradinitacrescendo.ro\/#organization"},"potentialAction":[{"@type":"SearchAction","target":{"@type":"EntryPoint","urlTemplate":"https:\/\/gradinitacrescendo.ro\/?s={search_term_string}"},"query-input":{"@type":"PropertyValueSpecification","valueRequired":true,"valueName":"search_term_string"}}],"inLanguage":"ro-RO"},{"@type":"Organization","@id":"https:\/\/gradinitacrescendo.ro\/#organization","name":"Gradinita Crescendo","url":"https:\/\/gradinitacrescendo.ro\/","logo":{"@type":"ImageObject","inLanguage":"ro-RO","@id":"https:\/\/gradinitacrescendo.ro\/#\/schema\/logo\/image\/","url":"https:\/\/gradinitacrescendo.ro\/wp-content\/uploads\/2025\/11\/WhatsApp-Image-2025-11-20-at-17.14.50.jpeg","contentUrl":"https:\/\/gradinitacrescendo.ro\/wp-content\/uploads\/2025\/11\/WhatsApp-Image-2025-11-20-at-17.14.50.jpeg","width":1429,"height":1064,"caption":"Gradinita Crescendo"},"image":{"@id":"https:\/\/gradinitacrescendo.ro\/#\/schema\/logo\/image\/"}}]}},"_links":{"self":[{"href":"https:\/\/gradinitacrescendo.ro\/index.php?rest_route=\/wp\/v2\/pages\/757","targetHints":{"allow":["GET"]}}],"collection":[{"href":"https:\/\/gradinitacrescendo.ro\/index.php?rest_route=\/wp\/v2\/pages"}],"about":[{"href":"https:\/\/gradinitacrescendo.ro\/index.php?rest_route=\/wp\/v2\/types\/page"}],"author":[{"embeddable":true,"href":"https:\/\/gradinitacrescendo.ro\/index.php?rest_route=\/wp\/v2\/users\/4"}],"replies":[{"embeddable":true,"href":"https:\/\/gradinitacrescendo.ro\/index.php?rest_route=%2Fwp%2Fv2%2Fcomments&post=757"}],"version-history":[{"count":2,"href":"https:\/\/gradinitacrescendo.ro\/index.php?rest_route=\/wp\/v2\/pages\/757\/revisions"}],"predecessor-version":[{"id":975,"href":"https:\/\/gradinitacrescendo.ro\/index.php?rest_route=\/wp\/v2\/pages\/757\/revisions\/975"}],"wp:attachment":[{"href":"https:\/\/gradinitacrescendo.ro\/index.php?rest_route=%2Fwp%2Fv2%2Fmedia&parent=757"}],"curies":[{"name":"wp","href":"https:\/\/api.w.org\/{rel}","templated":true}]}}